{"id":2,"date":"2025-06-24T23:16:23","date_gmt":"2025-06-24T23:16:23","guid":{"rendered":"https:\/\/www.neurovitals.cl\/?page_id=2"},"modified":"2025-10-31T18:12:01","modified_gmt":"2025-10-31T18:12:01","slug":"sample-page","status":"publish","type":"page","link":"https:\/\/www.neurovitals.cl\/","title":{"rendered":"Inicio"},"content":{"rendered":"\n<figure class=\"wp-block-image aligncenter size-large is-resized\"><img loading=\"lazy\" decoding=\"async\" width=\"1024\" height=\"512\" src=\"https:\/\/www.neurovitals.cl\/wp-content\/uploads\/2025\/10\/Ashwagandha-Banner-1024x512.png\" alt=\"\" class=\"wp-image-380\" style=\"width:974px;height:auto\" srcset=\"https:\/\/www.neurovitals.cl\/wp-content\/uploads\/2025\/10\/Ashwagandha-Banner-1024x512.png 1024w, https:\/\/www.neurovitals.cl\/wp-content\/uploads\/2025\/10\/Ashwagandha-Banner-300x150.png 300w, https:\/\/www.neurovitals.cl\/wp-content\/uploads\/2025\/10\/Ashwagandha-Banner-768x384.png 768w, https:\/\/www.neurovitals.cl\/wp-content\/uploads\/2025\/10\/Ashwagandha-Banner-1536x768.png 1536w, https:\/\/www.neurovitals.cl\/wp-content\/uploads\/2025\/10\/Ashwagandha-Banner-1320x660.png 1320w, https:\/\/www.neurovitals.cl\/wp-content\/uploads\/2025\/10\/Ashwagandha-Banner-250x125.png 250w, https:\/\/www.neurovitals.cl\/wp-content\/uploads\/2025\/10\/Ashwagandha-Banner-500x250.png 500w, https:\/\/www.neurovitals.cl\/wp-content\/uploads\/2025\/10\/Ashwagandha-Banner.png 1890w\" sizes=\"auto, (max-width: 1024px) 100vw, 1024px\" \/><\/figure>\n\n\n\n<div class=\"wp-block-group alignfull is-nowrap is-layout-flex wp-container-core-group-is-layout-c3906792 wp-block-group-is-layout-flex\" style=\"margin-top:0;margin-bottom:0;padding-top:calc( 0.5 * var(--wp--style--root--padding-right, var(--wp--custom--gap--horizontal)));padding-right:var(--wp--style--root--padding-right, var(--wp--custom--gap--horizontal));padding-bottom:calc( 0.5 * var(--wp--style--root--padding-right, var(--wp--custom--gap--horizontal)));padding-left:var(--wp--style--root--padding-left, var(--wp--custom--gap--horizontal))\">\n<div style=\"height:0px\" aria-hidden=\"true\" class=\"wp-block-spacer wp-container-content-9760934e\"><\/div>\n\n\n\n<div class=\"wp-block-group alignfull is-layout-flow wp-block-group-is-layout-flow\">\n<div class=\"wp-block-cover\" style=\"margin-top:0;margin-bottom:0;padding-right:var(--wp--preset--spacing--50);padding-left:var(--wp--preset--spacing--50)\"><img loading=\"lazy\" decoding=\"async\" width=\"1024\" height=\"683\" class=\"wp-block-cover__image-background wp-image-139 size-large\" alt=\"\" src=\"https:\/\/www.neurovitals.cl\/wp-content\/uploads\/2025\/07\/melena_de_leon_1_jpg-1024x683.webp\" style=\"object-position:50% 50%\" data-object-fit=\"cover\" data-object-position=\"50% 50%\" srcset=\"https:\/\/www.neurovitals.cl\/wp-content\/uploads\/2025\/07\/melena_de_leon_1_jpg-1024x683.webp 1024w, https:\/\/www.neurovitals.cl\/wp-content\/uploads\/2025\/07\/melena_de_leon_1_jpg-scaled-250x167.webp 250w, https:\/\/www.neurovitals.cl\/wp-content\/uploads\/2025\/07\/melena_de_leon_1_jpg-scaled-500x333.webp 500w, https:\/\/www.neurovitals.cl\/wp-content\/uploads\/2025\/07\/melena_de_leon_1_jpg-300x200.webp 300w, https:\/\/www.neurovitals.cl\/wp-content\/uploads\/2025\/07\/melena_de_leon_1_jpg-768x512.webp 768w, https:\/\/www.neurovitals.cl\/wp-content\/uploads\/2025\/07\/melena_de_leon_1_jpg-1536x1024.webp 1536w, https:\/\/www.neurovitals.cl\/wp-content\/uploads\/2025\/07\/melena_de_leon_1_jpg-2048x1365.webp 2048w, https:\/\/www.neurovitals.cl\/wp-content\/uploads\/2025\/07\/melena_de_leon_1_jpg-1320x880.webp 1320w\" sizes=\"auto, (max-width: 1024px) 100vw, 1024px\" \/><span aria-hidden=\"true\" class=\"wp-block-cover__background has-background-dim\"><\/span><div class=\"wp-block-cover__inner-container is-layout-flow wp-block-cover-is-layout-flow\">\n<h3 class=\"wp-block-heading has-text-align-center has-ast-global-color-4-color has-text-color has-link-color wp-elements-55b49860352b0852ef0435c4207a6eb7\">El&nbsp;hongo melena de le\u00f3n&nbsp;es ampliamente conocido por su capacidad para apoyar la salud cerebral, pero sus beneficios van mucho m\u00e1s all\u00e1.&nbsp;<\/h3>\n\n\n\n<div class=\"wp-block-buttons is-content-justification-center is-layout-flex wp-container-core-buttons-is-layout-dd320d38 wp-block-buttons-is-layout-flex\" style=\"margin-bottom:var(--wp--preset--spacing--40)\">\n<div class=\"wp-block-button\"><a class=\"wp-block-button__link has-text-align-right wp-element-button\" href=\"https:\/\/www.neurovitals.cl\/?page_id=150\">Beneficios<\/a><\/div>\n<\/div>\n<\/div><\/div>\n<\/div>\n\n\n\n<div style=\"height:0px\" aria-hidden=\"true\" class=\"wp-block-spacer wp-container-content-ff24c794\"><\/div>\n<\/div>\n\n\n\n<div class=\"wp-block-group alignfull is-layout-constrained wp-container-core-group-is-layout-47b455d2 wp-block-group-is-layout-constrained\" style=\"margin-top:0;margin-bottom:0;padding-top:calc( 0.5 * var(--wp--style--root--padding-right, var(--wp--custom--gap--horizontal)));padding-right:var(--wp--style--root--padding-right, var(--wp--custom--gap--horizontal));padding-bottom:calc( 0.5 * var(--wp--style--root--padding-right, var(--wp--custom--gap--horizontal)));padding-left:var(--wp--style--root--padding-left, var(--wp--custom--gap--horizontal))\">\n<div style=\"height:calc( 0.25 * var(--wp--style--root--padding-right, var(--wp--custom--gap--horizontal)));width:0px\" aria-hidden=\"true\" class=\"wp-block-spacer\"><\/div>\n\n\n\n<div class=\"wp-block-columns alignwide are-vertically-aligned-center is-layout-flex wp-container-core-columns-is-layout-04aeab28 wp-block-columns-is-layout-flex\" style=\"padding-right:var(--wp--preset--spacing--30);padding-left:var(--wp--preset--spacing--30)\">\n<div class=\"wp-block-column is-vertically-aligned-center is-layout-flow wp-block-column-is-layout-flow\" style=\"flex-basis:40%\">\n<figure class=\"wp-block-image\" style=\"margin-top:0;margin-right:var(--wp--preset--spacing--20);margin-bottom:0;margin-left:var(--wp--preset--spacing--20)\"><a href=\"https:\/\/www.neurovitals.cl\/?page_id=5\"><img decoding=\"async\" src=\"https:\/\/www.neurovitals.cl\/wp-content\/uploads\/2025\/08\/BannerHongos-Adaptogenos.png\" alt=\"\" class=\"wp-image-282\"\/><\/a><\/figure>\n<\/div>\n\n\n\n<div class=\"wp-block-column is-vertically-aligned-center is-layout-flow wp-block-column-is-layout-flow\">\n<div class=\"wp-block-columns is-layout-flex wp-container-core-columns-is-layout-28f84493 wp-block-columns-is-layout-flex\">\n<div class=\"wp-block-column is-layout-flow wp-block-column-is-layout-flow\" style=\"flex-basis:80%\">\n<h2 class=\"wp-block-heading\" style=\"margin-right:var(--wp--preset--spacing--30);margin-left:var(--wp--preset--spacing--30)\">  Conoce un poco mas!<\/h2>\n\n\n\n<p style=\"border-style:none;border-width:0px;margin-right:var(--wp--preset--spacing--30);margin-left:var(--wp--preset--spacing--30)\">Los hongos adaptogenos tienen propiedades adaptativas, no alucin\u00f3genas, que ayudan al cuerpo a responder mejor al estr\u00e9s f\u00edsico, mental y emocional.<\/p>\n\n\n\n<p style=\"margin-right:var(--wp--preset--spacing--30);margin-left:var(--wp--preset--spacing--30)\">Fortalecen el sistema inmunol\u00f3gico, efecto antifatiga estimulante sobre el sistema nervioso central, mejora la concentraci\u00f3n, antioxidantes, antiinflamatorio, mejora el rendimiento deportivo, mejoras en la calidad del sue\u00f1o, alivian sintomas provocados por artrosis, artritis reumatoide y fibromialgia.<\/p>\n<\/div>\n\n\n\n<div class=\"wp-block-column is-vertically-aligned-stretch is-layout-flow wp-block-column-is-layout-flow\"><\/div>\n<\/div>\n\n\n\n<div class=\"wp-block-columns is-not-stacked-on-mobile has-medium-font-size is-layout-flex wp-container-core-columns-is-layout-28f84493 wp-block-columns-is-layout-flex\">\n<div class=\"wp-block-column is-layout-flow wp-container-core-column-is-layout-cd8fa203 wp-block-column-is-layout-flow\" style=\"border-left-color:#1e1e1e40;border-left-width:1px;padding-top:0;padding-right:var(--wp--preset--spacing--20);padding-bottom:0;padding-left:var(--wp--preset--spacing--20)\">\n<h3 class=\"wp-block-heading\">Hace mas de 30 a\u00f1os<\/h3>\n\n\n\n<p><sup>En Japon y en China estan aprobados como tratamientos complementarios para pacientes oncol\u00f3gicos<\/sup><\/p>\n<\/div>\n\n\n\n<div class=\"wp-block-column is-layout-flow wp-container-core-column-is-layout-cd8fa203 wp-block-column-is-layout-flow\" style=\"border-left-color:#1e1e1e40;border-left-width:1px;padding-top:0;padding-right:var(--wp--preset--spacing--20);padding-bottom:0;padding-left:var(--wp--preset--spacing--20)\">\n<h3 class=\"wp-block-heading\">Vitamina C  + Hongos<\/h3>\n\n\n\n<p><sup>El consumo de vitamina C en combinaci\u00f3n con los diferentes extractos, tienen un efecto sin\u00e9rgico, inhibiendo la replicaci\u00f3n de c\u00e9lulas tumorales.<\/sup><\/p>\n<\/div>\n<\/div>\n\n\n\n<div style=\"height:8px\" aria-hidden=\"true\" class=\"wp-block-spacer\"><\/div>\n\n\n\n<div class=\"wp-block-columns is-not-stacked-on-mobile has-medium-font-size is-layout-flex wp-container-core-columns-is-layout-28f84493 wp-block-columns-is-layout-flex\">\n<div class=\"wp-block-column is-layout-flow wp-container-core-column-is-layout-cd8fa203 wp-block-column-is-layout-flow\" style=\"border-left-color:#1e1e1e40;border-left-width:1px;padding-top:0;padding-right:var(--wp--preset--spacing--20);padding-bottom:0;padding-left:var(--wp--preset--spacing--20)\">\n<h3 class=\"wp-block-heading\">100% Org\u00e1nicos<\/h3>\n\n\n\n<p><sup>Apto para celiacos, intolerantes a la lactosa, vegetarianos y veganos.<\/sup><\/p>\n<\/div>\n\n\n\n<div class=\"wp-block-column is-layout-flow wp-container-core-column-is-layout-cd8fa203 wp-block-column-is-layout-flow\" style=\"border-left-color:#1e1e1e40;border-left-width:1px;padding-top:0;padding-right:var(--wp--preset--spacing--20);padding-bottom:0;padding-left:var(--wp--preset--spacing--20)\">\n<h3 class=\"wp-block-heading\">Mesima, Reishi, Cordyceps<\/h3>\n\n\n\n<p><sup>Estos 3 hongos en conjunto ayudan a los tratamiento de fibromialgia y dolores articulares, ya que poseen propiedad antinflamatorias y analg\u00e9cicas<\/sup><\/p>\n<\/div>\n<\/div>\n<\/div>\n<\/div>\n\n\n\n<div style=\"height:9px;width:0px\" aria-hidden=\"true\" class=\"wp-block-spacer\"><\/div>\n<\/div>\n","protected":false},"excerpt":{"rendered":"<p>Conoce un poco mas! Los hongos adaptogenos tienen propiedades adaptativas, no alucin\u00f3genas, que ayudan al cuerpo a responder mejor al [&hellip;]<\/p>\n","protected":false},"author":1,"featured_media":0,"parent":0,"menu_order":1,"comment_status":"closed","ping_status":"closed","template":"","meta":{"site-sidebar-layout":"default","site-content-layout":"","ast-site-content-layout":"normal-width-container","site-content-style":"default","site-sidebar-style":"default","ast-global-header-display":"","ast-banner-title-visibility":"","ast-main-header-display":"","ast-hfb-above-header-display":"","ast-hfb-below-header-display":"","ast-hfb-mobile-header-display":"","site-post-title":"disabled","ast-breadcrumbs-content":"","ast-featured-img":"","footer-sml-layout":"","ast-disable-related-posts":"","theme-transparent-header-meta":"","adv-header-id-meta":"","stick-header-meta":"","header-above-stick-meta":"","header-main-stick-meta":"","header-below-stick-meta":"","astra-migrate-meta-layouts":"default","ast-page-background-enabled":"default","ast-page-background-meta":{"desktop":{"background-color":"var(--ast-global-color-5)","background-image":"","background-repeat":"repeat","background-position":"center center","background-size":"auto","background-attachment":"scroll","background-type":"","background-media":"","overlay-type":"","overlay-color":"","overlay-opacity":"","overlay-gradient":""},"tablet":{"background-color":"","background-image":"","background-repeat":"repeat","background-position":"center center","background-size":"auto","background-attachment":"scroll","background-type":"","background-media":"","overlay-type":"","overlay-color":"","overlay-opacity":"","overlay-gradient":""},"mobile":{"background-color":"","background-image":"","background-repeat":"repeat","background-position":"center center","background-size":"auto","background-attachment":"scroll","background-type":"","background-media":"","overlay-type":"","overlay-color":"","overlay-opacity":"","overlay-gradient":""}},"ast-content-background-meta":{"desktop":{"background-color":"var(--ast-global-color-4)","background-image":"","background-repeat":"repeat","background-position":"center center","background-size":"auto","background-attachment":"scroll","background-type":"","background-media":"","overlay-type":"","overlay-color":"","overlay-opacity":"","overlay-gradient":""},"tablet":{"background-color":"var(--ast-global-color-4)","background-image":"","background-repeat":"repeat","background-position":"center center","background-size":"auto","background-attachment":"scroll","background-type":"","background-media":"","overlay-type":"","overlay-color":"","overlay-opacity":"","overlay-gradient":""},"mobile":{"background-color":"var(--ast-global-color-4)","background-image":"","background-repeat":"repeat","background-position":"center center","background-size":"auto","background-attachment":"scroll","background-type":"","background-media":"","overlay-type":"","overlay-color":"","overlay-opacity":"","overlay-gradient":""}},"footnotes":""},"class_list":["post-2","page","type-page","status-publish","hentry"],"yoast_head":"<!-- This site is optimized with the Yoast SEO plugin v26.7 - https:\/\/yoast.com\/wordpress\/plugins\/seo\/ -->\n<title>Inicio -<\/title>\n<meta name=\"robots\" content=\"index, follow, max-snippet:-1, max-image-preview:large, max-video-preview:-1\" \/>\n<link rel=\"canonical\" href=\"https:\/\/www.neurovitals.cl\/\" \/>\n<meta property=\"og:locale\" content=\"es_ES\" \/>\n<meta property=\"og:type\" content=\"article\" \/>\n<meta property=\"og:title\" content=\"Inicio -\" \/>\n<meta property=\"og:description\" content=\"Conoce un poco mas! Los hongos adaptogenos tienen propiedades adaptativas, no alucin\u00f3genas, que ayudan al cuerpo a responder mejor al [&hellip;]\" \/>\n<meta property=\"og:url\" content=\"https:\/\/www.neurovitals.cl\/\" \/>\n<meta property=\"article:modified_time\" content=\"2025-10-31T18:12:01+00:00\" \/>\n<meta property=\"og:image\" content=\"https:\/\/www.neurovitals.cl\/wp-content\/uploads\/2025\/10\/Ashwagandha-Banner-1024x512.png\" \/>\n\t<meta property=\"og:image:width\" content=\"1024\" \/>\n\t<meta property=\"og:image:height\" content=\"512\" \/>\n\t<meta property=\"og:image:type\" content=\"image\/png\" \/>\n<meta name=\"twitter:card\" content=\"summary_large_image\" \/>\n<meta name=\"twitter:label1\" content=\"Tiempo de lectura\" \/>\n\t<meta name=\"twitter:data1\" content=\"1 minuto\" \/>\n<script type=\"application\/ld+json\" class=\"yoast-schema-graph\">{\"@context\":\"https:\/\/schema.org\",\"@graph\":[{\"@type\":\"WebPage\",\"@id\":\"https:\/\/www.neurovitals.cl\/\",\"url\":\"https:\/\/www.neurovitals.cl\/\",\"name\":\"Inicio -\",\"isPartOf\":{\"@id\":\"https:\/\/www.neurovitals.cl\/#website\"},\"primaryImageOfPage\":{\"@id\":\"https:\/\/www.neurovitals.cl\/#primaryimage\"},\"image\":{\"@id\":\"https:\/\/www.neurovitals.cl\/#primaryimage\"},\"thumbnailUrl\":\"https:\/\/www.neurovitals.cl\/wp-content\/uploads\/2025\/10\/Ashwagandha-Banner-1024x512.png\",\"datePublished\":\"2025-06-24T23:16:23+00:00\",\"dateModified\":\"2025-10-31T18:12:01+00:00\",\"breadcrumb\":{\"@id\":\"https:\/\/www.neurovitals.cl\/#breadcrumb\"},\"inLanguage\":\"es\",\"potentialAction\":[{\"@type\":\"ReadAction\",\"target\":[\"https:\/\/www.neurovitals.cl\/\"]}]},{\"@type\":\"ImageObject\",\"inLanguage\":\"es\",\"@id\":\"https:\/\/www.neurovitals.cl\/#primaryimage\",\"url\":\"https:\/\/www.neurovitals.cl\/wp-content\/uploads\/2025\/10\/Ashwagandha-Banner.png\",\"contentUrl\":\"https:\/\/www.neurovitals.cl\/wp-content\/uploads\/2025\/10\/Ashwagandha-Banner.png\",\"width\":1890,\"height\":945},{\"@type\":\"BreadcrumbList\",\"@id\":\"https:\/\/www.neurovitals.cl\/#breadcrumb\",\"itemListElement\":[{\"@type\":\"ListItem\",\"position\":1,\"name\":\"Portada\",\"item\":\"https:\/\/www.neurovitals.cl\/\"},{\"@type\":\"ListItem\",\"position\":2,\"name\":\"Inicio\"}]},{\"@type\":\"WebSite\",\"@id\":\"https:\/\/www.neurovitals.cl\/#website\",\"url\":\"https:\/\/www.neurovitals.cl\/\",\"name\":\"Neurovital Sumplementos\",\"description\":\"\",\"potentialAction\":[{\"@type\":\"SearchAction\",\"target\":{\"@type\":\"EntryPoint\",\"urlTemplate\":\"https:\/\/www.neurovitals.cl\/?s={search_term_string}\"},\"query-input\":{\"@type\":\"PropertyValueSpecification\",\"valueRequired\":true,\"valueName\":\"search_term_string\"}}],\"inLanguage\":\"es\"}]}<\/script>\n<!-- \/ Yoast SEO plugin. -->","yoast_head_json":{"title":"Inicio -","robots":{"index":"index","follow":"follow","max-snippet":"max-snippet:-1","max-image-preview":"max-image-preview:large","max-video-preview":"max-video-preview:-1"},"canonical":"https:\/\/www.neurovitals.cl\/","og_locale":"es_ES","og_type":"article","og_title":"Inicio -","og_description":"Conoce un poco mas! Los hongos adaptogenos tienen propiedades adaptativas, no alucin\u00f3genas, que ayudan al cuerpo a responder mejor al [&hellip;]","og_url":"https:\/\/www.neurovitals.cl\/","article_modified_time":"2025-10-31T18:12:01+00:00","og_image":[{"width":1024,"height":512,"url":"https:\/\/www.neurovitals.cl\/wp-content\/uploads\/2025\/10\/Ashwagandha-Banner-1024x512.png","type":"image\/png"}],"twitter_card":"summary_large_image","twitter_misc":{"Tiempo de lectura":"1 minuto"},"schema":{"@context":"https:\/\/schema.org","@graph":[{"@type":"WebPage","@id":"https:\/\/www.neurovitals.cl\/","url":"https:\/\/www.neurovitals.cl\/","name":"Inicio -","isPartOf":{"@id":"https:\/\/www.neurovitals.cl\/#website"},"primaryImageOfPage":{"@id":"https:\/\/www.neurovitals.cl\/#primaryimage"},"image":{"@id":"https:\/\/www.neurovitals.cl\/#primaryimage"},"thumbnailUrl":"https:\/\/www.neurovitals.cl\/wp-content\/uploads\/2025\/10\/Ashwagandha-Banner-1024x512.png","datePublished":"2025-06-24T23:16:23+00:00","dateModified":"2025-10-31T18:12:01+00:00","breadcrumb":{"@id":"https:\/\/www.neurovitals.cl\/#breadcrumb"},"inLanguage":"es","potentialAction":[{"@type":"ReadAction","target":["https:\/\/www.neurovitals.cl\/"]}]},{"@type":"ImageObject","inLanguage":"es","@id":"https:\/\/www.neurovitals.cl\/#primaryimage","url":"https:\/\/www.neurovitals.cl\/wp-content\/uploads\/2025\/10\/Ashwagandha-Banner.png","contentUrl":"https:\/\/www.neurovitals.cl\/wp-content\/uploads\/2025\/10\/Ashwagandha-Banner.png","width":1890,"height":945},{"@type":"BreadcrumbList","@id":"https:\/\/www.neurovitals.cl\/#breadcrumb","itemListElement":[{"@type":"ListItem","position":1,"name":"Portada","item":"https:\/\/www.neurovitals.cl\/"},{"@type":"ListItem","position":2,"name":"Inicio"}]},{"@type":"WebSite","@id":"https:\/\/www.neurovitals.cl\/#website","url":"https:\/\/www.neurovitals.cl\/","name":"Neurovital Sumplementos","description":"","potentialAction":[{"@type":"SearchAction","target":{"@type":"EntryPoint","urlTemplate":"https:\/\/www.neurovitals.cl\/?s={search_term_string}"},"query-input":{"@type":"PropertyValueSpecification","valueRequired":true,"valueName":"search_term_string"}}],"inLanguage":"es"}]}},"jetpack_sharing_enabled":true,"_links":{"self":[{"href":"https:\/\/www.neurovitals.cl\/index.php?rest_route=\/wp\/v2\/pages\/2","targetHints":{"allow":["GET"]}}],"collection":[{"href":"https:\/\/www.neurovitals.cl\/index.php?rest_route=\/wp\/v2\/pages"}],"about":[{"href":"https:\/\/www.neurovitals.cl\/index.php?rest_route=\/wp\/v2\/types\/page"}],"author":[{"embeddable":true,"href":"https:\/\/www.neurovitals.cl\/index.php?rest_route=\/wp\/v2\/users\/1"}],"replies":[{"embeddable":true,"href":"https:\/\/www.neurovitals.cl\/index.php?rest_route=%2Fwp%2Fv2%2Fcomments&post=2"}],"version-history":[{"count":47,"href":"https:\/\/www.neurovitals.cl\/index.php?rest_route=\/wp\/v2\/pages\/2\/revisions"}],"predecessor-version":[{"id":391,"href":"https:\/\/www.neurovitals.cl\/index.php?rest_route=\/wp\/v2\/pages\/2\/revisions\/391"}],"wp:attachment":[{"href":"https:\/\/www.neurovitals.cl\/index.php?rest_route=%2Fwp%2Fv2%2Fmedia&parent=2"}],"curies":[{"name":"wp","href":"https:\/\/api.w.org\/{rel}","templated":true}]}}